{"id":14885,"date":"2021-10-18T11:38:32","date_gmt":"2021-10-18T09:38:32","guid":{"rendered":"https:\/\/operacarlofelicegenova.it\/childrens-chorus\/"},"modified":"2026-01-12T15:47:40","modified_gmt":"2026-01-12T14:47:40","slug":"childrens-chorus","status":"publish","type":"page","link":"https:\/\/operacarlofelicegenova.it\/en\/childrens-chorus\/","title":{"rendered":"Children&#8217;s chorus"},"content":{"rendered":"\t\t<div data-elementor-type=\"wp-page\" data-elementor-id=\"14885\" class=\"elementor elementor-14885 elementor-1058\" data-elementor-post-type=\"page\">\n\t\t\t\t\t\t<section class=\"elementor-section elementor-top-section elementor-element elementor-element-8a4203f elementor-section-full_width elementor-section-height-default elementor-section-height-default\" data-id=\"8a4203f\" data-element_type=\"section\" data-e-type=\"section\">\n\t\t\t\t\t\t<div class=\"elementor-container elementor-column-gap-default\">\n\t\t\t\t\t<div class=\"elementor-column elementor-col-100 elementor-top-column elementor-element elementor-element-0171198\" data-id=\"0171198\" data-element_type=\"column\" data-e-type=\"column\">\n\t\t\t<div class=\"elementor-widget-wrap elementor-element-populated\">\n\t\t\t\t\t\t<div class=\"elementor-element elementor-element-e5b1e6d elementor-widget elementor-widget-heading\" data-id=\"e5b1e6d\" data-element_type=\"widget\" data-e-type=\"widget\" data-widget_type=\"heading.default\">\n\t\t\t\t<div class=\"elementor-widget-container\">\n\t\t\t\t\t<h1 class=\"elementor-heading-title elementor-size-default\">Children's chorus<\/h1>\t\t\t\t<\/div>\n\t\t\t\t<\/div>\n\t\t\t\t\t<\/div>\n\t\t<\/div>\n\t\t\t\t\t<\/div>\n\t\t<\/section>\n\t\t\t\t<section class=\"elementor-section elementor-top-section elementor-element elementor-element-146f041 elementor-section-full_width elementor-section-height-default elementor-section-height-default\" data-id=\"146f041\" data-element_type=\"section\" data-e-type=\"section\">\n\t\t\t\t\t\t<div class=\"elementor-container elementor-column-gap-default\">\n\t\t\t\t\t<div class=\"elementor-column elementor-col-100 elementor-top-column elementor-element elementor-element-9ef57ab\" data-id=\"9ef57ab\" data-element_type=\"column\" data-e-type=\"column\">\n\t\t\t<div class=\"elementor-widget-wrap elementor-element-populated\">\n\t\t\t\t\t\t<section class=\"elementor-section elementor-inner-section elementor-element elementor-element-c14209a elementor-section-full_width elementor-section-height-default elementor-section-height-default\" data-id=\"c14209a\" data-element_type=\"section\" data-e-type=\"section\">\n\t\t\t\t\t\t<div class=\"elementor-container elementor-column-gap-default\">\n\t\t\t\t\t<div class=\"elementor-column elementor-col-100 elementor-inner-column elementor-element elementor-element-752dcdd\" data-id=\"752dcdd\" data-element_type=\"column\" data-e-type=\"column\">\n\t\t\t<div class=\"elementor-widget-wrap elementor-element-populated\">\n\t\t\t\t\t\t<div class=\"elementor-element elementor-element-d5e58af elementor-widget-divider--view-line elementor-widget elementor-widget-divider\" data-id=\"d5e58af\" data-element_type=\"widget\" data-e-type=\"widget\" data-widget_type=\"divider.default\">\n\t\t\t\t<div class=\"elementor-widget-container\">\n\t\t\t\t\t\t\t<div class=\"elementor-divider\">\n\t\t\t<span class=\"elementor-divider-separator\">\n\t\t\t\t\t\t<\/span>\n\t\t<\/div>\n\t\t\t\t\t\t<\/div>\n\t\t\t\t<\/div>\n\t\t\t\t\t<\/div>\n\t\t<\/div>\n\t\t\t\t\t<\/div>\n\t\t<\/section>\n\t\t\t\t<section class=\"elementor-section elementor-inner-section elementor-element elementor-element-d132c9c elementor-section-full_width elementor-section-height-default elementor-section-height-default\" data-id=\"d132c9c\" data-element_type=\"section\" data-e-type=\"section\">\n\t\t\t\t\t\t<div class=\"elementor-container elementor-column-gap-default\">\n\t\t\t\t\t<div class=\"elementor-column elementor-col-50 elementor-inner-column elementor-element elementor-element-f47c1b1\" data-id=\"f47c1b1\" data-element_type=\"column\" data-e-type=\"column\">\n\t\t\t<div class=\"elementor-widget-wrap elementor-element-populated\">\n\t\t\t\t\t\t<div class=\"elementor-element elementor-element-76b796a elementor-widget elementor-widget-text-editor\" data-id=\"76b796a\" data-element_type=\"widget\" data-e-type=\"widget\" data-widget_type=\"text-editor.default\">\n\t\t\t\t<div class=\"elementor-widget-container\">\n\t\t\t\t\t\t\t\t\t<p>The Children\u2019s Chorus of Opera Carlo Felice di Genova was born in September 2006 as the fulcrum of an educational project specifically dedicated to younger generations. One of the objectives of such a project was to further develop the role of cultural referent of the Theatre for the city by involving young people: from simple show goers, they could transform into the real protagonists of the activity of the artistic seasons.<br>Thanks to the activity of the chorus, not only the choristers but also their families have had the opportunity to approach and become familiar with an institution such as the opera house, often seen as distant if not completely unknown at times. On the contrary, opera naturally preserves the value of a privileged propulsor of cultural, artistic and social values.<\/p>\t\t\t\t\t\t\t\t<\/div>\n\t\t\t\t<\/div>\n\t\t\t\t\t<\/div>\n\t\t<\/div>\n\t\t\t\t<div class=\"elementor-column elementor-col-50 elementor-inner-column elementor-element elementor-element-447f8d8\" data-id=\"447f8d8\" data-element_type=\"column\" data-e-type=\"column\">\n\t\t\t<div class=\"elementor-widget-wrap elementor-element-populated\">\n\t\t\t\t\t\t<div class=\"elementor-element elementor-element-e59133a elementor-widget elementor-widget-text-editor\" data-id=\"e59133a\" data-element_type=\"widget\" data-e-type=\"widget\" data-widget_type=\"text-editor.default\">\n\t\t\t\t<div class=\"elementor-widget-container\">\n\t\t\t\t\t\t\t\t\t<p>Therefore, the singers of the Children\u2019s chorus of Opera Carlo Felice di Genova grow through a first-person experience of music itself: during thirteen artistic seasons, over a hundred girls and boys of various ages (the chorus includes children from the age of eight up to seventeen-years-old boys and girls), they have had the opportunity to strengthen their musical skills, to live the experience of set up a lyrical\/symphonic staging, to perform alongside renowned interpreters, arousing the interest from both critics and audiences in various occasions (about 100 performances), of which some have been recorded and broadcast on the Italian national radio RadioRai.<\/p>\t\t\t\t\t\t\t\t<\/div>\n\t\t\t\t<\/div>\n\t\t\t\t\t<\/div>\n\t\t<\/div>\n\t\t\t\t\t<\/div>\n\t\t<\/section>\n\t\t\t\t<div class=\"elementor-element elementor-element-11f5320 elementor-widget-divider--view-line elementor-widget elementor-widget-divider\" data-id=\"11f5320\" data-element_type=\"widget\" data-e-type=\"widget\" data-widget_type=\"divider.default\">\n\t\t\t\t<div class=\"elementor-widget-container\">\n\t\t\t\t\t\t\t<div class=\"elementor-divider\">\n\t\t\t<span class=\"elementor-divider-separator\">\n\t\t\t\t\t\t<\/span>\n\t\t<\/div>\n\t\t\t\t\t\t<\/div>\n\t\t\t\t<\/div>\n\t\t\t\t<section class=\"elementor-section elementor-inner-section elementor-element elementor-element-2c4989f elementor-section-full_width elementor-section-height-default elementor-section-height-default\" data-id=\"2c4989f\" data-element_type=\"section\" data-e-type=\"section\">\n\t\t\t\t\t\t<div class=\"elementor-container elementor-column-gap-default\">\n\t\t\t\t\t<div class=\"elementor-column elementor-col-50 elementor-inner-column elementor-element elementor-element-f856458\" data-id=\"f856458\" data-element_type=\"column\" data-e-type=\"column\">\n\t\t\t<div class=\"elementor-widget-wrap elementor-element-populated\">\n\t\t\t\t\t\t<div class=\"elementor-element elementor-element-293235f elementor-widget elementor-widget-text-editor\" data-id=\"293235f\" data-element_type=\"widget\" data-e-type=\"widget\" data-widget_type=\"text-editor.default\">\n\t\t\t\t<div class=\"elementor-widget-container\">\n\t\t\t\t\t\t\t\t\t<p><strong>REPERTOIRE<\/strong><\/p>\n<p>Ruggero Leoncavallo, Pagliacci, (conductor Bruno Bartoletti. Alternative staging directed by Fabio Luisi) Jules Massenet, Werther (conductor Alain Guingal) Giacomo Puccini, La boh\u00e8me (conductor Daniel Oren) Giacomo Puccini, Tosca (conductor Marco Boemi) Richard Strauss, Der Rosenkavalier (conductor Fabio Luisi) Giacomo Puccini, Turandot (conductor Marco Zambelli) Giacomo Puccini, Gianni Schicchi (conductor Valerio Galli) Wolfgang Amadeus Mozart, Die Zauberfl\u00f6te (conductor Johannes Wildner) Giuseppe Verdi, Macbeth (conductor Andrea Battistoni) Giuseppe Verdi, Otello (conductor Andrea Battistoni) Georges Bizet, Carmen (conductor Andrea Battistoni) Umberto Giordano, Fedora (conductor Valerio Galli) Benjamin Britten, Billy Budd (conductor Andrea Battistoni) Georges Bizet, Carmen (conductor Philippe Auguin).<\/p>\n<p>Britten &#8216;A Midsummer night&#8217;s dream M\u00b0 Donato Renzetti, (Teatro Carlo Felice and on tour in Oman at the Royal Opera House in Muscat)<\/p>\n<p><strong><br>SYMPHONIC-CHORAL REPERTOIRE<\/strong><\/p>\n<p>Leonard Bernstein, Chichester Psalms (conductor Joel Levi) Benjamin Britten, Saint Nicolas, for tenor, chorus and Children\u2019s voices chorus op. 42 (conductor Johnatan Webb) Arthur Honegger, Une cantate de no\u00ebl (conductor Jonathan Webb) Gabriel-Henri-Constant Piern\u00e9, Les Enfants \u00e0 Bethl\u00e9em (conductor Christopher Franklin) Carl Orff, Carmina Burana (director Giampaolo Bisanti and Fabio Luisi).<br><br><\/p>\t\t\t\t\t\t\t\t<\/div>\n\t\t\t\t<\/div>\n\t\t\t\t\t<\/div>\n\t\t<\/div>\n\t\t\t\t<div class=\"elementor-column elementor-col-50 elementor-inner-column elementor-element elementor-element-9e974e9\" data-id=\"9e974e9\" data-element_type=\"column\" data-e-type=\"column\">\n\t\t\t<div class=\"elementor-widget-wrap elementor-element-populated\">\n\t\t\t\t\t\t<div class=\"elementor-element elementor-element-f5ce288 elementor-widget elementor-widget-text-editor\" data-id=\"f5ce288\" data-element_type=\"widget\" data-e-type=\"widget\" data-widget_type=\"text-editor.default\">\n\t\t\t\t<div class=\"elementor-widget-container\">\n\t\t\t\t\t\t\t\t\t<p><strong style=\"color: var( --e-global-color-text );\">MUSICAL THEATRE<\/strong><\/p>\n<p>Benjamin Britten, Il Piccolo Spazzacamino (conductor Giorgio Bruzzone) Andrea Liberovici, La trasparenza della parola cantata per Primo Levi, in nove stazioni (conductor Lorraine Vaillancourt) Paolo Furlani, Il vestito nuovo dell\u2019imperatore opera da camera per ragazzi in cinque quadri (conductor Federico Longo); Marco Taralli, Il vascello incantato favola per tre voci, orchestra e coro di bambini (conductor Michele Mariotti); Bruno Coli, Oz on the road (conductor Bruno Coli).<\/p>\n<p><strong><br>SACRED REPERTOIRE<br><\/strong><br>Giovanni Battista Campodonico, Missa Pueri Chorales; Nino Rota, cantata Mysterium Catholicum (directo Marcello Rota).<\/p>\t\t\t\t\t\t\t\t<\/div>\n\t\t\t\t<\/div>\n\t\t\t\t\t<\/div>\n\t\t<\/div>\n\t\t\t\t\t<\/div>\n\t\t<\/section>\n\t\t\t\t\t<\/div>\n\t\t<\/div>\n\t\t\t\t\t<\/div>\n\t\t<\/section>\n\t\t\t\t<section class=\"elementor-section elementor-top-section elementor-element elementor-element-56d89ba elementor-section-full_width elementor-section-height-default elementor-section-height-default\" data-id=\"56d89ba\" data-element_type=\"section\" data-e-type=\"section\">\n\t\t\t\t\t\t<div class=\"elementor-container elementor-column-gap-default\">\n\t\t\t\t\t<div class=\"elementor-column elementor-col-100 elementor-top-column elementor-element elementor-element-27ce967\" data-id=\"27ce967\" data-element_type=\"column\" data-e-type=\"column\">\n\t\t\t<div class=\"elementor-widget-wrap elementor-element-populated\">\n\t\t\t\t\t\t<div class=\"elementor-element elementor-element-bc74528 elementor-widget-divider--view-line elementor-widget elementor-widget-divider\" data-id=\"bc74528\" data-element_type=\"widget\" data-e-type=\"widget\" data-widget_type=\"divider.default\">\n\t\t\t\t<div class=\"elementor-widget-container\">\n\t\t\t\t\t\t\t<div class=\"elementor-divider\">\n\t\t\t<span class=\"elementor-divider-separator\">\n\t\t\t\t\t\t<\/span>\n\t\t<\/div>\n\t\t\t\t\t\t<\/div>\n\t\t\t\t<\/div>\n\t\t\t\t<section class=\"elementor-section elementor-inner-section elementor-element elementor-element-dba05ce elementor-section-full_width elementor-section-height-default elementor-section-height-default\" data-id=\"dba05ce\" data-element_type=\"section\" data-e-type=\"section\">\n\t\t\t\t\t\t<div class=\"elementor-container elementor-column-gap-default\">\n\t\t\t\t\t<div class=\"elementor-column elementor-col-50 elementor-inner-column elementor-element elementor-element-d496c15\" data-id=\"d496c15\" data-element_type=\"column\" data-e-type=\"column\">\n\t\t\t<div class=\"elementor-widget-wrap elementor-element-populated\">\n\t\t\t\t\t\t<div class=\"elementor-element elementor-element-69a4360 elementor-widget elementor-widget-text-editor\" data-id=\"69a4360\" data-element_type=\"widget\" data-e-type=\"widget\" data-widget_type=\"text-editor.default\">\n\t\t\t\t<div class=\"elementor-widget-container\">\n\t\t\t\t\t\t\t\t\t<p>The Children\u2019s Chorus of Opera Carlo Felice di Genova was born in September 2006 as the fulcrum of an educational project specifically dedicated to younger generations. One of the objectives of such a project was to further develop the role of cultural referent of the Theatre for the city by involving young people: from simple show goers, they could transform into the real protagonists of the activity of the artistic seasons.<br>Thanks to the activity of the chorus, not only the choristers but also their families have had the opportunity to approach and become familiar with an institution such as the opera house, often seen as distant if not completely unknown at times. On the contrary, opera naturally preserves the value of a privileged propulsor of cultural, artistic and social values.<\/p>\t\t\t\t\t\t\t\t<\/div>\n\t\t\t\t<\/div>\n\t\t\t\t\t<\/div>\n\t\t<\/div>\n\t\t\t\t<div class=\"elementor-column elementor-col-50 elementor-inner-column elementor-element elementor-element-c13c68b\" data-id=\"c13c68b\" data-element_type=\"column\" data-e-type=\"column\">\n\t\t\t<div class=\"elementor-widget-wrap elementor-element-populated\">\n\t\t\t\t\t\t<div class=\"elementor-element elementor-element-5aa95de elementor-widget elementor-widget-text-editor\" data-id=\"5aa95de\" data-element_type=\"widget\" data-e-type=\"widget\" data-widget_type=\"text-editor.default\">\n\t\t\t\t<div class=\"elementor-widget-container\">\n\t\t\t\t\t\t\t\t\t<p>Therefore, the singers of the Children\u2019s chorus of Opera Carlo Felice di Genova grow through a first-person experience of music itself: during thirteen artistic seasons, over a hundred girls and boys of various ages (the chorus includes children from the age of eight up to seventeen-years-old boys and girls), they have had the opportunity to strengthen their musical skills, to live the experience of set up a lyrical\/symphonic staging, to perform alongside renowned interpreters, arousing the interest from both critics and audiences in various occasions (about 100 performances), of which some have been recorded and broadcast on the Italian national radio RadioRai.<\/p>\t\t\t\t\t\t\t\t<\/div>\n\t\t\t\t<\/div>\n\t\t\t\t\t<\/div>\n\t\t<\/div>\n\t\t\t\t\t<\/div>\n\t\t<\/section>\n\t\t\t\t\t<\/div>\n\t\t<\/div>\n\t\t\t\t\t<\/div>\n\t\t<\/section>\n\t\t\t\t<section class=\"elementor-section elementor-top-section elementor-element elementor-element-f285f13 elementor-section-full_width elementor-section-height-default elementor-section-height-default\" data-id=\"f285f13\" data-element_type=\"section\" data-e-type=\"section\">\n\t\t\t\t\t\t<div class=\"elementor-container elementor-column-gap-default\">\n\t\t\t\t\t<div class=\"elementor-column elementor-col-100 elementor-top-column elementor-element elementor-element-f52f2db\" data-id=\"f52f2db\" data-element_type=\"column\" data-e-type=\"column\">\n\t\t\t<div class=\"elementor-widget-wrap elementor-element-populated\">\n\t\t\t\t\t\t<div class=\"elementor-element elementor-element-694444d elementor-widget-divider--view-line elementor-widget elementor-widget-divider\" data-id=\"694444d\" data-element_type=\"widget\" data-e-type=\"widget\" data-widget_type=\"divider.default\">\n\t\t\t\t<div class=\"elementor-widget-container\">\n\t\t\t\t\t\t\t<div class=\"elementor-divider\">\n\t\t\t<span class=\"elementor-divider-separator\">\n\t\t\t\t\t\t<\/span>\n\t\t<\/div>\n\t\t\t\t\t\t<\/div>\n\t\t\t\t<\/div>\n\t\t\t\t<section class=\"elementor-section elementor-inner-section elementor-element elementor-element-f36dfed elementor-section-full_width elementor-section-height-default elementor-section-height-default\" data-id=\"f36dfed\" data-element_type=\"section\" data-e-type=\"section\">\n\t\t\t\t\t\t<div class=\"elementor-container elementor-column-gap-default\">\n\t\t\t\t\t<div class=\"elementor-column elementor-col-100 elementor-inner-column elementor-element elementor-element-8953402\" data-id=\"8953402\" data-element_type=\"column\" data-e-type=\"column\">\n\t\t\t<div class=\"elementor-widget-wrap elementor-element-populated\">\n\t\t\t\t\t\t<div class=\"elementor-element elementor-element-6e1d742 elementor-widget elementor-widget-text-editor\" data-id=\"6e1d742\" data-element_type=\"widget\" data-e-type=\"widget\" data-widget_type=\"text-editor.default\">\n\t\t\t\t<div class=\"elementor-widget-container\">\n\t\t\t\t\t\t\t\t\t<p><strong>CHILDREN\u2019S CHORUS CONCERT<\/strong><br><strong>2025\/2026 SEASON<br><br><\/strong>Ferdinando Andrianopoli<br>Angelica Arecco<br>Eldana Arecco<br>Carlotta Badano<br>Nicol\u00f2 Bartolomei<br>Angelica Mariee James<br>Camilla Bentivegna<br>Lucia Benza<br>Anna Campidoglio<br>Zoe Tara Carolfi<br>Isabella Cattapani<br>Nina De Gregorio<br>Sally Maria Stella De Micheli<br>Chiara Favella<br>Nora Galeazzo<br>Erica Giordano<br>Maria Giusto<br>Grilli Leonardo<br>Maria Guano<br>Sofia Kirivanta<br>Eleonora Lauricella<br>Anna Liguori<br>Isabella Dorcas Ludena Huancauqui<br>Rossella Keren Ludena Huancauqui<br>Anastasia Maggiolo<br>Alice Manara<br>Alessandra Chara Mantovani<br>Noemi Paola Anorve Manzano<br>Anna Marletta<br>Marra Alan<br>Federico Carlo Martinoli<br>Marta Martinoli<br>Alice Molaschi<br>Elisa Molaschi<br>Giulia Nastase<br>Negroni Riccardo<br>Zeno Nigido Gregorio<br>Sara Orsini<br>Beatrice Pantella<br>Agata Pachina<br>Virginia Pesce<br>Marco Pinazzi<br>Emiliano Pino<br>Viola Piromalli<br>Lydia Purpura<br>Aurora Rapuzzi<br>Simone Repetto<br>Francesca Risso Montemagno<br>Lucilla Romano<br>Giorgia Giacobbe Romero<br>Maria Runcini<br>Arianna Russo<br>Tabata Scannapieco<br>Emma Stagi<br>Ingrid Sudmeier Mascialino<br>Astrid Sudmeier Mascialino<br>Vittoria Trapasso<br>Eliana Uscidda<br>Nina Emma Vaccari<br>Lidia Valenziano<br>Emilia Venturoli<br>Camilla Zanchetta<br>Margherita Wrubl<\/p>\n<p><em>Choirmaster<\/em><br><strong>Gino Tanasini<\/strong><\/p>\n<p><em>Master collaborator<\/em><br><strong>Enrico Grillotti<\/strong><\/p>\t\t\t\t\t\t\t\t<\/div>\n\t\t\t\t<\/div>\n\t\t\t\t\t<\/div>\n\t\t<\/div>\n\t\t\t\t\t<\/div>\n\t\t<\/section>\n\t\t\t\t\t<\/div>\n\t\t<\/div>\n\t\t\t\t\t<\/div>\n\t\t<\/section>\n\t\t\t\t<section class=\"elementor-section elementor-top-section elementor-element elementor-element-37dd47b elementor-section-boxed elementor-section-height-default elementor-section-height-default\" data-id=\"37dd47b\" data-element_type=\"section\" data-e-type=\"section\">\n\t\t\t\t\t\t<div class=\"elementor-container elementor-column-gap-default\">\n\t\t\t\t\t<div class=\"elementor-column elementor-col-100 elementor-top-column elementor-element elementor-element-c32c9de\" data-id=\"c32c9de\" data-element_type=\"column\" data-e-type=\"column\">\n\t\t\t<div class=\"elementor-widget-wrap elementor-element-populated\">\n\t\t\t\t\t\t<div class=\"elementor-element elementor-element-168cdae elementor-widget elementor-widget-spacer\" data-id=\"168cdae\" data-element_type=\"widget\" data-e-type=\"widget\" data-widget_type=\"spacer.default\">\n\t\t\t\t<div class=\"elementor-widget-container\">\n\t\t\t\t\t\t\t<div class=\"elementor-spacer\">\n\t\t\t<div class=\"elementor-spacer-inner\"><\/div>\n\t\t<\/div>\n\t\t\t\t\t\t<\/div>\n\t\t\t\t<\/div>\n\t\t\t\t\t<\/div>\n\t\t<\/div>\n\t\t\t\t\t<\/div>\n\t\t<\/section>\n\t\t\t\t<\/div>\n\t\t","protected":false},"excerpt":{"rendered":"<p>Children&#8217;s chorus The Children\u2019s Chorus of Opera Carlo Felice di Genova was born in September 2006 as the fulcrum of an educational project specifically dedicated to younger generations. One of the objectives of such a project was to further develop the role of cultural referent of the Theatre for the city by involving young people: [&hellip;]<\/p>\n","protected":false},"author":2,"featured_media":0,"parent":0,"menu_order":0,"comment_status":"closed","ping_status":"closed","template":"","meta":{"_acf_changed":false,"footnotes":""},"class_list":["post-14885","page","type-page","status-publish","hentry"],"acf":[],"_links":{"self":[{"href":"https:\/\/operacarlofelicegenova.it\/en\/wp-json\/wp\/v2\/pages\/14885","targetHints":{"allow":["GET"]}}],"collection":[{"href":"https:\/\/operacarlofelicegenova.it\/en\/wp-json\/wp\/v2\/pages"}],"about":[{"href":"https:\/\/operacarlofelicegenova.it\/en\/wp-json\/wp\/v2\/types\/page"}],"author":[{"embeddable":true,"href":"https:\/\/operacarlofelicegenova.it\/en\/wp-json\/wp\/v2\/users\/2"}],"replies":[{"embeddable":true,"href":"https:\/\/operacarlofelicegenova.it\/en\/wp-json\/wp\/v2\/comments?post=14885"}],"version-history":[{"count":2,"href":"https:\/\/operacarlofelicegenova.it\/en\/wp-json\/wp\/v2\/pages\/14885\/revisions"}],"predecessor-version":[{"id":40377,"href":"https:\/\/operacarlofelicegenova.it\/en\/wp-json\/wp\/v2\/pages\/14885\/revisions\/40377"}],"wp:attachment":[{"href":"https:\/\/operacarlofelicegenova.it\/en\/wp-json\/wp\/v2\/media?parent=14885"}],"curies":[{"name":"wp","href":"https:\/\/api.w.org\/{rel}","templated":true}]}}