{"id":14964,"date":"2021-10-18T11:16:30","date_gmt":"2021-10-18T09:16:30","guid":{"rendered":"https:\/\/operacarlofelicegenova.it\/orchestra\/"},"modified":"2026-02-03T20:27:22","modified_gmt":"2026-02-03T19:27:22","slug":"orchestra","status":"publish","type":"page","link":"https:\/\/operacarlofelicegenova.it\/en\/orchestra\/","title":{"rendered":"Orchestra"},"content":{"rendered":"\t\t<div data-elementor-type=\"wp-page\" data-elementor-id=\"14964\" class=\"elementor elementor-14964 elementor-1021\" data-elementor-post-type=\"page\">\n\t\t\t\t\t\t<section class=\"elementor-section elementor-top-section elementor-element elementor-element-29a1250 elementor-section-full_width elementor-section-height-default elementor-section-height-default\" data-id=\"29a1250\" data-element_type=\"section\" data-e-type=\"section\">\n\t\t\t\t\t\t<div class=\"elementor-container elementor-column-gap-default\">\n\t\t\t\t\t<div class=\"elementor-column elementor-col-100 elementor-top-column elementor-element elementor-element-e37b454\" data-id=\"e37b454\" data-element_type=\"column\" data-e-type=\"column\">\n\t\t\t<div class=\"elementor-widget-wrap elementor-element-populated\">\n\t\t\t\t\t\t<div class=\"elementor-element elementor-element-56e0d13 elementor-widget elementor-widget-heading\" data-id=\"56e0d13\" data-element_type=\"widget\" data-e-type=\"widget\" data-widget_type=\"heading.default\">\n\t\t\t\t<div class=\"elementor-widget-container\">\n\t\t\t\t\t<h1 class=\"elementor-heading-title elementor-size-default\">Orchestra<\/h1>\t\t\t\t<\/div>\n\t\t\t\t<\/div>\n\t\t\t\t\t<\/div>\n\t\t<\/div>\n\t\t\t\t\t<\/div>\n\t\t<\/section>\n\t\t\t\t<section class=\"elementor-section elementor-top-section elementor-element elementor-element-f8322d6 elementor-section-full_width elementor-section-height-default elementor-section-height-default\" data-id=\"f8322d6\" data-element_type=\"section\" data-e-type=\"section\">\n\t\t\t\t\t\t<div class=\"elementor-container elementor-column-gap-default\">\n\t\t\t\t\t<div class=\"elementor-column elementor-col-100 elementor-top-column elementor-element elementor-element-ec654a1\" data-id=\"ec654a1\" data-element_type=\"column\" data-e-type=\"column\">\n\t\t\t<div class=\"elementor-widget-wrap elementor-element-populated\">\n\t\t\t\t\t\t<div class=\"elementor-element elementor-element-8f63d13 elementor-widget-divider--view-line elementor-widget elementor-widget-divider\" data-id=\"8f63d13\" data-element_type=\"widget\" data-e-type=\"widget\" data-widget_type=\"divider.default\">\n\t\t\t\t<div class=\"elementor-widget-container\">\n\t\t\t\t\t\t\t<div class=\"elementor-divider\">\n\t\t\t<span class=\"elementor-divider-separator\">\n\t\t\t\t\t\t<\/span>\n\t\t<\/div>\n\t\t\t\t\t\t<\/div>\n\t\t\t\t<\/div>\n\t\t\t\t<section class=\"elementor-section elementor-inner-section elementor-element elementor-element-d370df6 elementor-section-full_width elementor-section-height-default elementor-section-height-default\" data-id=\"d370df6\" data-element_type=\"section\" data-e-type=\"section\">\n\t\t\t\t\t\t<div class=\"elementor-container elementor-column-gap-default\">\n\t\t\t\t\t<div class=\"elementor-column elementor-col-50 elementor-inner-column elementor-element elementor-element-3c5ca8c\" data-id=\"3c5ca8c\" data-element_type=\"column\" data-e-type=\"column\">\n\t\t\t<div class=\"elementor-widget-wrap elementor-element-populated\">\n\t\t\t\t\t\t<div class=\"elementor-element elementor-element-f5d4663 elementor-widget elementor-widget-text-editor\" data-id=\"f5d4663\" data-element_type=\"widget\" data-e-type=\"widget\" data-widget_type=\"text-editor.default\">\n\t\t\t\t<div class=\"elementor-widget-container\">\n\t\t\t\t\t\t\t\t\t<p style=\"text-align: left;\">The orchestra of Opera Carlo Felice began its activity in the early 1900s with a symphonic and operatic activity which has been proceeding uninterrupted ever since, not even stopped by the bombings of 1943 and the consequent destruction of the ancient Carlo Felice.<\/p>\n<p style=\"text-align: left;\">In 1965, the Orchestra took on an organic structure, and evolved by developing a repertoire that ranges from the XVII century to contemporary music, standing out in the national institutional scene and distinguishing itself for both its productivity and versatility.<\/p>\n<p style=\"text-align: left;\">Since 1950, internationally renowned conductors have alternated on the podium: Victor De Sabata, Tullio Serafin, Igor Stravinsky, Franco Capuana, Vittorio Gui, Sergiu Celibidache, Hermann Scherchen, Sir John Barbirolli, Claudio Abbado, Francesco Molinari-Pradelli, Carlo Maria Giulini, Riccardo Muti, Georges Pr\u00eatre, Mstislav Rostropovi\u010d, Giuseppe Patan\u00e8, Vladimir Delman, Gianandrea Gavazzeni, Spiros Argiris, Peter Maag, Rafael Fr\u00fchbeck de Burgos, Myung-Whun Chung, Yury Aronovi\u010d. More recently, Daniel Oren (Principal conductor of the Orchestra in the second half of the 1980s and from 2007 to 2010), Antonio Pappano, Christian Thielemann, Daniele Gatti, Gary Bertini, Gennadij Ro\u017edestvenskij, Gianluigi Gelmetti, Rudolf Bar\u0161aj, Bruno Campanella , Lorin Maazel, Zubin Mehta, Nello Santi, Michel Plasson (Principal Guest Conductor of the ensemble in the early 2000s), Bruno Bartoletti, Sir Neville Marriner, Lu Jia, Juanjo Mena (Principal Guest Conductor of the ensemble from 2007 to 2010), Dmitrij Kitajenko, Manfred Honeck, Juraj Val\u010duha, Kyrill Petrenko, Hartmut Haenchen, Vladimir Fedoseev, Andrea Battistoni (Principal Guest Conductor from 2013 to 2016), Daniel Smith (Principal Guest Conductor from 2017 to 2019).<\/p>\t\t\t\t\t\t\t\t<\/div>\n\t\t\t\t<\/div>\n\t\t\t\t\t<\/div>\n\t\t<\/div>\n\t\t\t\t<div class=\"elementor-column elementor-col-50 elementor-inner-column elementor-element elementor-element-6ff6d71\" data-id=\"6ff6d71\" data-element_type=\"column\" data-e-type=\"column\">\n\t\t\t<div class=\"elementor-widget-wrap elementor-element-populated\">\n\t\t\t\t\t\t<div class=\"elementor-element elementor-element-d126551 elementor-widget elementor-widget-text-editor\" data-id=\"d126551\" data-element_type=\"widget\" data-e-type=\"widget\" data-widget_type=\"text-editor.default\">\n\t\t\t\t<div class=\"elementor-widget-container\">\n\t\t\t\t\t\t\t\t\t<p>From the 2020-2021 season, <strong>Fabio Luisi<\/strong> (Honorary conductor since 2012) <span style=\"color: var( --e-global-color-text );\">has been<\/span> the <span style=\"color: var( --e-global-color-text );\"> protagonist of<\/span> numerous concerts dedicated to the great European Romantic symphonic repertoire &#8211; with a specific focus to the composer Anton Bruckner &#8211; whose work has been intertwined by Luisi with a exploratory journey of Luciano Berio&#8217;s symphonic work since 2022 (considering the centennial birth anniversary of the composer from Oneglia, which will be celebrated in 2025).<\/p>\n<p>In 2021, <strong>Donato Renzetti<\/strong> (Director Emeritus since 2022) conducted the first modern performance of <em>Bianca e Fernando<\/em> by Vincenzo Bellini in the version of \u201cGenova, 1828\u201d, as part of a larger project for the rediscovery of <em>Genoese musical civilization<\/em> promoted by the Theatre. From the 2020-2021 season, as a regular guest of the Theatre, he has conducted numerous concerts dedicated to the discovery of European musical forms from the XX century.<\/p>\n<p>Numerous illustrious recordings were realized at Opera Carlo Felice theatre, in particular of opera productions, for labels such as Deutsche Grammophon, Decca, Sony, TDK, Rai-Trade, Nuova Era Records, Arthaus Musik, Dynamic, Bongiovanni, Denon \/ Nippon Columbia and BMG- Memories.<\/p>\n<p>Such an high artistic level has been consolidated over the years, allowing the Theatre to take part in very prestigious events such as the Festival dei Due Mondi in Spoleto (2013, 2020), the Ravello Festival (2014, 2019) and the Festival di musica sacra Anima Mundi di Pisa (2015), and to perform in important national and international venues such as the Parco della Musica in Rome (2015), the Teatro degli Arcimboldi in Milan (2012), the Auditorium della Conciliazione in Rome (2012), the Teatro dal Verme in Milan (2014, 2019, 2021) the Royal Opera House of Muscat (2015, 2017, 2019) the Astana Opera (2017), the Marinsky Concert Hall (2019), the Basilica di S. Francesco d\u2019Assisi for the Christmas Concert of 2020, broadcast in Eurovision by RAI.<\/p>\n<p><em>Latest update: June 2022<\/em><\/p>\t\t\t\t\t\t\t\t<\/div>\n\t\t\t\t<\/div>\n\t\t\t\t\t<\/div>\n\t\t<\/div>\n\t\t\t\t\t<\/div>\n\t\t<\/section>\n\t\t\t\t\t<\/div>\n\t\t<\/div>\n\t\t\t\t\t<\/div>\n\t\t<\/section>\n\t\t\t\t<section class=\"elementor-section elementor-top-section elementor-element elementor-element-d8b02d3 elementor-section-full_width elementor-section-height-default elementor-section-height-default\" data-id=\"d8b02d3\" data-element_type=\"section\" data-e-type=\"section\">\n\t\t\t\t\t\t<div class=\"elementor-container elementor-column-gap-default\">\n\t\t\t\t\t<div class=\"elementor-column elementor-col-100 elementor-top-column elementor-element elementor-element-29141de\" data-id=\"29141de\" data-element_type=\"column\" data-e-type=\"column\">\n\t\t\t<div class=\"elementor-widget-wrap elementor-element-populated\">\n\t\t\t\t\t\t<div class=\"elementor-element elementor-element-3a8e959 elementor-widget-divider--view-line elementor-widget elementor-widget-divider\" data-id=\"3a8e959\" data-element_type=\"widget\" data-e-type=\"widget\" data-widget_type=\"divider.default\">\n\t\t\t\t<div class=\"elementor-widget-container\">\n\t\t\t\t\t\t\t<div class=\"elementor-divider\">\n\t\t\t<span class=\"elementor-divider-separator\">\n\t\t\t\t\t\t<\/span>\n\t\t<\/div>\n\t\t\t\t\t\t<\/div>\n\t\t\t\t<\/div>\n\t\t\t\t<section class=\"elementor-section elementor-inner-section elementor-element elementor-element-3b28049 elementor-section-full_width elementor-section-height-default elementor-section-height-default\" data-id=\"3b28049\" data-element_type=\"section\" data-e-type=\"section\">\n\t\t\t\t\t\t<div class=\"elementor-container elementor-column-gap-default\">\n\t\t\t\t\t<div class=\"elementor-column elementor-col-25 elementor-inner-column elementor-element elementor-element-0b665d2\" data-id=\"0b665d2\" data-element_type=\"column\" data-e-type=\"column\">\n\t\t\t<div class=\"elementor-widget-wrap elementor-element-populated\">\n\t\t\t\t\t\t<div class=\"elementor-element elementor-element-b8a4871 elementor-widget elementor-widget-text-editor\" data-id=\"b8a4871\" data-element_type=\"widget\" data-e-type=\"widget\" data-widget_type=\"text-editor.default\">\n\t\t\t\t<div class=\"elementor-widget-container\">\n\t\t\t\t\t\t\t\t\t<p><strong>FIRST VIOLINS<br><\/strong>Giovanni Battista Fabris (di spalla)*<br>Elisabetta Garetti (concertmaster) *<br>Adele Viglietti (concertino)<br>Michele Pierattelli (concertino)<br>Marco Ferrari<br>Andrea Franzetti<br>Danilo Porfidio<br>Antonella Santi<br>Roberto Sechi<br>Sylvia Trabucco<br>Roberto Mazzola<br>Elena Aiello<br>Angelica Pierri<br>Federico Mazzucco <br>Emanuela Colagrossi<\/p>\n<p><strong>SECOND VIOLINS<\/strong><br>Pier Domenico Sommati*<br>Sylvio Bove<br>Claudia Conti<br>Elisabetta Franchi<br>Marino Lagomarsino<br>Cristiano Puccini<br>Luca Salin<br>Debora Tedeschi<br>Barbara Maria Pinna<br>Sofia Locati<\/p>\t\t\t\t\t\t\t\t<\/div>\n\t\t\t\t<\/div>\n\t\t\t\t\t<\/div>\n\t\t<\/div>\n\t\t\t\t<div class=\"elementor-column elementor-col-25 elementor-inner-column elementor-element elementor-element-da1b34d\" data-id=\"da1b34d\" data-element_type=\"column\" data-e-type=\"column\">\n\t\t\t<div class=\"elementor-widget-wrap elementor-element-populated\">\n\t\t\t\t\t\t<div class=\"elementor-element elementor-element-cf583f5 elementor-widget elementor-widget-text-editor\" data-id=\"cf583f5\" data-element_type=\"widget\" data-e-type=\"widget\" data-widget_type=\"text-editor.default\">\n\t\t\t\t<div class=\"elementor-widget-container\">\n\t\t\t\t\t\t\t\t\t<p><strong>VIOLE<\/strong><br>Giuseppe Ambrosini*<br>Eleonora De Poi*<br>Cristina Cassiani Ingoni<br>Marco Diatto<br>Giuseppe Francese<br>Marco Melini<br>Riccardo Memore<br>Laura Safadi<br>Cesare Zanfini<\/p>\n<p><strong>CELLOS<\/strong><br>Riccardo Agosti*<br>Federico Romano*<br>Raffaele Ottonello<br>Marco De Masi<br>Giulio Glavina<br>Ainhoa Maria Castello Amoros<br>Valentina Cangero<br>Simone Gaetano Ceppetelli<br><br><br><strong>DOUBLE BASSES<br><\/strong>Andrea Lumachi*<br>Pietro Procopio*<br>Andrea Gabriele De Venuto<br>Alessandro Salvadori<br>Alessandro Paolini<\/p>\t\t\t\t\t\t\t\t<\/div>\n\t\t\t\t<\/div>\n\t\t\t\t\t<\/div>\n\t\t<\/div>\n\t\t\t\t<div class=\"elementor-column elementor-col-25 elementor-inner-column elementor-element elementor-element-4fdc11b\" data-id=\"4fdc11b\" data-element_type=\"column\" data-e-type=\"column\">\n\t\t\t<div class=\"elementor-widget-wrap elementor-element-populated\">\n\t\t\t\t\t\t<div class=\"elementor-element elementor-element-79ab219 elementor-widget elementor-widget-text-editor\" data-id=\"79ab219\" data-element_type=\"widget\" data-e-type=\"widget\" data-widget_type=\"text-editor.default\">\n\t\t\t\t<div class=\"elementor-widget-container\">\n\t\t\t\t\t\t\t\t\t<p><g id=\"gid_0\">FLAUTS<\/g><br>Francesco Loi*<br>Anna Ratti*<br><br><g id=\"gid_1\">OCTAVINS\/FLUTES<\/g><br>Alberto Boschi<br>Stefania Morselli<br>Elisabetta Pasquinelli<note from=\"otgs-segmenter\"><\/note>\n\n<strong>OBOI<\/strong><br>Guido Ghetti*<br>Dario Sartori*<br>Andrea Arcieri<br>Giacomo Riva<strong>OBOI<\/strong><br>Guido Ghetti*<br>Dario Sartori*<br>Andrea Arcieri<br>Giacomo Riva<strong>CLARINETTI<\/strong><br>Corrado Orlando*<br>Valeria Serangeli*<br>Massimo Ferraris<br>Danilo Zauli<strong>CLARINECTS<\/strong><br>Corrado Orlando*<br>Valeria Serangeli*<br>Massimo Ferraris<br>Danilo Zauli<strong>CLARINETTO BASSO<br><\/strong>Lucia Rosati<strong>BASS CLARINET<\/strong><br>Lucia Rosati<strong>FAGOTTI<br><\/strong>Luigi Tedone*<br>Dennis Carli*<br>Mauro Caligaris<br>Davide Luigi Ceravolo<strong>FAGOTTI<br><\/strong>Luigi Tedone*<br>Dennis Carli*<br>Mauro Caligaris<br>Davide Luigi Ceravolo<strong>CORNI<br><\/strong>Carlo Durando*<br>Francesco Cavaliere*<strong>HORNS<br><\/strong>Carlo Durando*<br>Francesco Cavaliere*Gianpaolo Rota<br>Daniele Sala<br>Claudio Dozio<br>Fabio UsciddaGianpaolo Rota<br>Daniele Sala<br>Claudio Dozio<br>Fabio Uscidda<strong>TROMBE<br><\/strong>Riccardo Pasquini*<br>Erika Patrucco*<strong><br><\/strong>Giuseppe Alfano<br>Flavio Bergamasco<br>Oscar Giuffredi<strong>TRUMPETS<br><\/strong>Riccardo Pasquini*<br>Erika Patrucco*<strong><br><\/strong>Giuseppe Alfano<br>Flavio Bergamasco<br>Oscar Giuffredi<strong>TROMBONI<\/strong><br>Davide Masenga*<br>Federico De Simone*<br>Niccol\u00f2 Serpentini<br>Gabriele Tonelli<strong>TROMBONI<\/strong><br>Davide Masenga*<br>Federico De Simone*<br>Niccol\u00f2 Serpentini<br>Gabriele Tonelli<strong>BASSO TUBA<\/strong><br>Stefano Ammannati<strong>LOW TUBA<\/strong><br>Stefano Ammannati<strong>ARPA<\/strong><br>Laura Papeschi*<strong>HARP<\/strong><br>Laura Papeschi*<strong>TIMPANI<\/strong><br>Bruno Frumento*<br>Lorenzo Malacrida*<strong>TIMPANS<\/strong><br>Bruno Frumento*<br>Lorenzo Malacrida*<strong>PERCUSSIONI<\/strong><br>Alessandro Salandrini<br>Marcello Ursi<br>Dario Doriani<strong>PERCUSSIONS<\/strong><br>Alessandro Salandrini<br>Marcello Ursi<br>Dario Doriani* prime parti* first musicians08 gennaio 2026January 8, 2026DivisoreDivisore<\/p>\n<p><strong>OBOI<\/strong><br>Guido Ghetti*<br>Dario Sartori*<br>Andrea Arcieri<br>Giacomo Riva<br><br><strong>CLARINECTS<\/strong><br>Corrado Orlando*<br>Valeria Serangeli*<br>Massimo Ferraris<br>Danilo Zauli<br><br><strong>BASS CLARINET<\/strong><br>Lucia Rosati<br><br><strong>FAGOTTI<br><\/strong>Luigi Tedone*<br>Dennis Carli*<br>Mauro Caligaris<br>Davide Luigi Ceravolo<\/p>\t\t\t\t\t\t\t\t<\/div>\n\t\t\t\t<\/div>\n\t\t\t\t\t<\/div>\n\t\t<\/div>\n\t\t\t\t<div class=\"elementor-column elementor-col-25 elementor-inner-column elementor-element elementor-element-423f0aa\" data-id=\"423f0aa\" data-element_type=\"column\" data-e-type=\"column\">\n\t\t\t<div class=\"elementor-widget-wrap elementor-element-populated\">\n\t\t\t\t\t\t<div class=\"elementor-element elementor-element-6eb6b1c elementor-widget elementor-widget-text-editor\" data-id=\"6eb6b1c\" data-element_type=\"widget\" data-e-type=\"widget\" data-widget_type=\"text-editor.default\">\n\t\t\t\t<div class=\"elementor-widget-container\">\n\t\t\t\t\t\t\t\t\t<p><strong>HORNS<br><\/strong>Carlo Durando*<br>Francesco Cavaliere*<\/p>\n<p>Gianpaolo Rota<br>Daniele Sala<br>Claudio Dozio<br>Fabio Uscidda<\/p>\n<p><strong>TRUMPETS<br><\/strong>Riccardo Pasquini*<br>Erika Patrucco*<strong><br><\/strong>Giuseppe Alfano<br>Flavio Bergamasco<br>Oscar Giuffredi<\/p>\n<p><strong>TROMBONI<\/strong><br>Davide Masenga*<br>Federico De Simone*<br>Niccol\u00f2 Serpentini<br>Gabriele Tonelli<\/p>\n<p><strong>LOW TUBA<\/strong><br>Stefano Ammannati<\/p>\n<p><strong>HARP<\/strong><br>Laura Papeschi*<\/p>\n<p><strong>TIMPANS<\/strong><br>Bruno Frumento*<br>Lorenzo Malacrida*<\/p>\n<p><strong>PERCUSSIONS<\/strong><br>Alessandro Salandrini<br>Marcello Ursi<br>Dario Doriani<\/p>\n<p><em>* first musicians<\/em><\/p>\n<p> <\/p>\n<p><em>January 8, 2026<\/em><\/p>\t\t\t\t\t\t\t\t<\/div>\n\t\t\t\t<\/div>\n\t\t\t\t\t<\/div>\n\t\t<\/div>\n\t\t\t\t\t<\/div>\n\t\t<\/section>\n\t\t\t\t\t<\/div>\n\t\t<\/div>\n\t\t\t\t\t<\/div>\n\t\t<\/section>\n\t\t\t\t<section class=\"elementor-section elementor-top-section elementor-element elementor-element-f7bb20b elementor-section-full_width elementor-section-height-default elementor-section-height-default\" data-id=\"f7bb20b\" data-element_type=\"section\" data-e-type=\"section\">\n\t\t\t\t\t\t<div class=\"elementor-container elementor-column-gap-default\">\n\t\t\t\t\t<div class=\"elementor-column elementor-col-100 elementor-top-column elementor-element elementor-element-4066ecd\" data-id=\"4066ecd\" data-element_type=\"column\" data-e-type=\"column\">\n\t\t\t<div class=\"elementor-widget-wrap elementor-element-populated\">\n\t\t\t\t\t\t<div class=\"elementor-element elementor-element-881a607 elementor-widget-divider--view-line elementor-widget elementor-widget-divider\" data-id=\"881a607\" data-element_type=\"widget\" data-e-type=\"widget\" data-widget_type=\"divider.default\">\n\t\t\t\t<div class=\"elementor-widget-container\">\n\t\t\t\t\t\t\t<div class=\"elementor-divider\">\n\t\t\t<span class=\"elementor-divider-separator\">\n\t\t\t\t\t\t<\/span>\n\t\t<\/div>\n\t\t\t\t\t\t<\/div>\n\t\t\t\t<\/div>\n\t\t\t\t\t<\/div>\n\t\t<\/div>\n\t\t\t\t\t<\/div>\n\t\t<\/section>\n\t\t\t\t<\/div>\n\t\t","protected":false},"excerpt":{"rendered":"<p>Orchestra The orchestra of Opera Carlo Felice began its activity in the early 1900s with a symphonic and operatic activity which has been proceeding uninterrupted ever since, not even stopped by the bombings of 1943 and the consequent destruction of the ancient Carlo Felice. In 1965, the Orchestra took on an organic structure, and evolved [&hellip;]<\/p>\n","protected":false},"author":2,"featured_media":0,"parent":0,"menu_order":0,"comment_status":"closed","ping_status":"closed","template":"","meta":{"_acf_changed":false,"footnotes":""},"class_list":["post-14964","page","type-page","status-publish","hentry"],"acf":[],"_links":{"self":[{"href":"https:\/\/operacarlofelicegenova.it\/en\/wp-json\/wp\/v2\/pages\/14964","targetHints":{"allow":["GET"]}}],"collection":[{"href":"https:\/\/operacarlofelicegenova.it\/en\/wp-json\/wp\/v2\/pages"}],"about":[{"href":"https:\/\/operacarlofelicegenova.it\/en\/wp-json\/wp\/v2\/types\/page"}],"author":[{"embeddable":true,"href":"https:\/\/operacarlofelicegenova.it\/en\/wp-json\/wp\/v2\/users\/2"}],"replies":[{"embeddable":true,"href":"https:\/\/operacarlofelicegenova.it\/en\/wp-json\/wp\/v2\/comments?post=14964"}],"version-history":[{"count":4,"href":"https:\/\/operacarlofelicegenova.it\/en\/wp-json\/wp\/v2\/pages\/14964\/revisions"}],"predecessor-version":[{"id":41281,"href":"https:\/\/operacarlofelicegenova.it\/en\/wp-json\/wp\/v2\/pages\/14964\/revisions\/41281"}],"wp:attachment":[{"href":"https:\/\/operacarlofelicegenova.it\/en\/wp-json\/wp\/v2\/media?parent=14964"}],"curies":[{"name":"wp","href":"https:\/\/api.w.org\/{rel}","templated":true}]}}